{"id":924,"date":"2023-11-24T20:29:49","date_gmt":"2023-11-24T20:29:49","guid":{"rendered":"https:\/\/healing-hands.be\/?page_id=924"},"modified":"2023-11-27T20:52:49","modified_gmt":"2023-11-27T20:52:49","slug":"testimonials","status":"publish","type":"page","link":"https:\/\/healing-hands.be\/index.php\/testimonials\/","title":{"rendered":"Testimonials"},"content":{"rendered":"<style id=\"sp_testimonial_dynamic_css941\">#sp-testimonial-free-wrapper-941 .sp-testimonial-free-section .testimonial-pagination span.swiper-pagination-bullet{background: #cccccc;}#sp-testimonial-free-wrapper-941 .sp-testimonial-free-section .testimonial-pagination span.swiper-pagination-bullet.swiper-pagination-bullet-active{background: #1595ce;} #sp-testimonial-free-wrapper-941 .sp-testimonial-free-section .testimonial-nav-arrow{background: transparent;border: 2px solid #777777;color: #777777;}#sp-testimonial-free-wrapper-941 .sp-testimonial-free-section .testimonial-nav-arrow:hover {background: #1595ce;border-color: #1595ce;color: #ffffff;}#sp-testimonial-free-wrapper-941 .sp-testimonial-free-section{margin: 0 50px;}#sp-testimonial-free-wrapper-941 .sp-testimonial-free-section{margin-bottom: 50px;}#sp-testimonial-free-wrapper-941 .sp-testimonial-free-section .sp-testimonial-client-image img {background: #ffffff;border: 0px solid #dddddd;padding: 0px;}#sp-testimonial-free-wrapper-941 .sp-testimonial-free-section .sp-testimonial-client-image {text-align: center;}#sp-testimonial-free-wrapper-941 .sp-testimonial-free-section .sp-testimonial-client-rating{ display: inline-flex; gap: 2px;}#sp-testimonial-free-wrapper-941 .sp-testimonial-free-section .sp-testimonial-client-rating i.fa{ color: #ffb900; font-size: 19px;}#sp-testimonial-free-wrapper-941 .sp-testimonial-free-section .sp-testimonial-client-rating i.fa-star{color: #ffb900;}#sp-testimonial-free-wrapper-941 .sp-testimonial-free-section .sp-testimonial-client-designation{color: #444444;}#sp-testimonial-free-wrapper-941 .sp-testimonial-free-section .sp-testimonial-client-name{color: #333333;}#sp-testimonial-free-wrapper-941 .sp-testimonial-free-section .sp-testimonial-client-testimonial{color: #333333;}#sp-testimonial-free-wrapper-941 .sp-testimonial-free-section .sp-testimonial-title .sp-testimonial-post-title{color: #333333;}#sp-testimonial-free-wrapper-941 .sp-testimonial-free {background : transparent;border: 0px solid #e3e3e3;border-radius: 0px;}<\/style><div id=\"sp-testimonial-free-wrapper-941\" class=\"sp-testimonial-free-wrapper\"><div id=\"sp-testimonial-free-941\" class=\"sp-testimonial-free-section tfree-style-theme-one\" dir=\"ltr\" data-preloader=\"\" data-swiper='{&quot;dots&quot;: 1,&quot;pagination_type&quot;: &quot;dots&quot;, &quot;spaceBetween&quot;: 20, &quot;adaptiveHeight&quot;: false, &quot;pauseOnHover&quot;: true, &quot;slidesToShow&quot;: 1, &quot;speed&quot;: 1440, &quot;arrows&quot;: &quot;1&quot;, &quot;autoplay&quot;: true, &quot;autoplaySpeed&quot;: 3000, &quot;swipe&quot;: true, &quot;swipeToSlide&quot;: false, &quot;draggable&quot;: true, &quot;freeMode&quot;: false, &quot;rtl&quot;: false, &quot;infinite&quot;: true,&quot;slidesPerView&quot;: {&quot;lg_desktop&quot;:1 , &quot;desktop&quot;: 1, &quot;laptop&quot;:1 , &quot;tablet&quot;: 1, &quot;mobile&quot;: 1},&quot;navigation_mobile&quot;: true, &quot;pagination_mobile&quot;:true, &quot;autoplay_mobile&quot;:true}' ><div class=\"swiper-wrapper\"><div class=\"sp-testimonial-item swiper-slide\"><div class=\"sp-testimonial-free\"><div class=\"sp-testimonial-client-image\"><img decoding=\"async\" width=\"120\" height=\"120\" src=\"https:\/\/healing-hands.be\/wp-content\/uploads\/2024\/04\/Andrea-120x120.png\" class=\"tfree-client-image wp-post-image\" alt=\"\" \/><\/div><div class=\"sp-testimonial-client-testimonial\"><div class=\"sp-testimonial-content\"><p>Dopo un lungo intervento chirurgico e diverse settimane di radioterapia, il mio fisico era fortemente debilitato. Tra i vari problemi, avevo stanchezza cronica, difficolt\u00e0 a dormire, spasmi involontari dei muscoli della gamba, mal di schiena. Non sapevo nulla del Reiki, ho cominciato le sessioni con un misto di curiosit\u00e0 e speranza. In breve tempo ho notato che dopo ogni sessione la notte riuscivo a dormire meglio, mi sentivo pi\u00f9 &#8220;carico&#8221; di energia e con una bella sensazione di benessere e serenit\u00e0. La cortesia e professionalit\u00e0 di Feri sono ideali per provare almeno una volta questa esperienza, che raccomando\u00a0a\u00a0tutti.<\/p><\/div><\/div><h4 class=\"sp-testimonial-client-name\">Andrea<\/h4><\/div> <\/div> <div class=\"sp-testimonial-item swiper-slide\"><div class=\"sp-testimonial-free\"><div class=\"sp-testimonial-client-image\"><img decoding=\"async\" width=\"120\" height=\"120\" src=\"https:\/\/healing-hands.be\/wp-content\/uploads\/2024\/04\/Flora-120x120.png\" class=\"tfree-client-image wp-post-image\" alt=\"\" \/><\/div><div class=\"sp-testimonial-client-testimonial\"><div class=\"sp-testimonial-content\"><p>Skori&#8217;s Reiki sessions are truly transformative. His energy is both gentle and powerful, leaving me feeling deeply relaxed and rejuvenated after each session. I always sleep soundly and wake up refreshed. Skori&#8217;s authenticity and natural approach create a warm and welcoming atmosphere that instantly puts me at ease. The combination of Reiki with his wife&#8217;s coaching sessions has been a game-changer for me, allowing me to integrate and deepen my insights in a holistic way. Together, Skori and his wife are a winning team. I highly recommend them to anyone seeking balance, relaxation, and personal growth.<\/p><\/div><\/div><h4 class=\"sp-testimonial-client-name\">Fl\u00f3ra<\/h4><\/div> <\/div> <div class=\"sp-testimonial-item swiper-slide\"><div class=\"sp-testimonial-free\"><div class=\"sp-testimonial-client-image\"><img decoding=\"async\" width=\"120\" height=\"120\" src=\"https:\/\/healing-hands.be\/wp-content\/uploads\/2023\/11\/Kinga-profil-photo-120x120.jpg\" class=\"tfree-client-image wp-post-image\" alt=\"\" \/><\/div><div class=\"sp-testimonial-client-testimonial\"><div class=\"sp-testimonial-content\"><p>Skori&#8217;s massage and Reiki healing treatments are really fantastic, especially the Reiki treatment right after the massage is very relaxing, recharging both physically and emotionally<\/p><\/div><\/div><\/div> <\/div> <\/div><div class=\"swiper-pagination testimonial-pagination\"><\/div><div class=\"swiper-button-prev testimonial-nav-arrow vertical_center\"><i class=\"fa fa-angle-left\"><\/i><\/div><div class=\"swiper-button-next testimonial-nav-arrow vertical_center\"><i class=\"fa fa-angle-right\"><\/i><\/div><\/div><\/div>\n","protected":false},"excerpt":{"rendered":"","protected":false},"author":1,"featured_media":0,"parent":0,"menu_order":0,"comment_status":"closed","ping_status":"closed","template":"","meta":{"footnotes":""},"class_list":["post-924","page","type-page","status-publish","hentry"],"yoast_head":"<!-- This site is optimized with the Yoast SEO plugin v27.4 - https:\/\/yoast.com\/product\/yoast-seo-wordpress\/ -->\n<title>Testimonials - Ayurvedic Yoga massage and reiki healing<\/title>\n<meta name=\"robots\" content=\"index, follow, max-snippet:-1, max-image-preview:large, max-video-preview:-1\" \/>\n<link rel=\"canonical\" href=\"https:\/\/healing-hands.be\/index.php\/testimonials\/\" \/>\n<meta property=\"og:locale\" content=\"en_US\" \/>\n<meta property=\"og:type\" content=\"article\" \/>\n<meta property=\"og:title\" content=\"Testimonials - Ayurvedic Yoga massage and reiki healing\" \/>\n<meta property=\"og:url\" content=\"https:\/\/healing-hands.be\/index.php\/testimonials\/\" \/>\n<meta property=\"og:site_name\" content=\"Ayurvedic Yoga massage and reiki healing\" \/>\n<meta property=\"article:modified_time\" content=\"2023-11-27T20:52:49+00:00\" \/>\n<meta name=\"twitter:card\" content=\"summary_large_image\" \/>\n<script type=\"application\/ld+json\" class=\"yoast-schema-graph\">{\"@context\":\"https:\\\/\\\/schema.org\",\"@graph\":[{\"@type\":\"WebPage\",\"@id\":\"https:\\\/\\\/healing-hands.be\\\/index.php\\\/testimonials\\\/\",\"url\":\"https:\\\/\\\/healing-hands.be\\\/index.php\\\/testimonials\\\/\",\"name\":\"Testimonials - Ayurvedic Yoga massage and reiki healing\",\"isPartOf\":{\"@id\":\"https:\\\/\\\/healing-hands.be\\\/#website\"},\"datePublished\":\"2023-11-24T20:29:49+00:00\",\"dateModified\":\"2023-11-27T20:52:49+00:00\",\"breadcrumb\":{\"@id\":\"https:\\\/\\\/healing-hands.be\\\/index.php\\\/testimonials\\\/#breadcrumb\"},\"inLanguage\":\"en-US\",\"potentialAction\":[{\"@type\":\"ReadAction\",\"target\":[\"https:\\\/\\\/healing-hands.be\\\/index.php\\\/testimonials\\\/\"]}]},{\"@type\":\"BreadcrumbList\",\"@id\":\"https:\\\/\\\/healing-hands.be\\\/index.php\\\/testimonials\\\/#breadcrumb\",\"itemListElement\":[{\"@type\":\"ListItem\",\"position\":1,\"name\":\"Home\",\"item\":\"https:\\\/\\\/healing-hands.be\\\/\"},{\"@type\":\"ListItem\",\"position\":2,\"name\":\"Testimonials\"}]},{\"@type\":\"WebSite\",\"@id\":\"https:\\\/\\\/healing-hands.be\\\/#website\",\"url\":\"https:\\\/\\\/healing-hands.be\\\/\",\"name\":\"Ayurvedic Yoga massage and reiki healing\",\"description\":\"\",\"publisher\":{\"@id\":\"https:\\\/\\\/healing-hands.be\\\/#\\\/schema\\\/person\\\/11e695e13ad5d9b031f1326c37aa9a73\"},\"potentialAction\":[{\"@type\":\"SearchAction\",\"target\":{\"@type\":\"EntryPoint\",\"urlTemplate\":\"https:\\\/\\\/healing-hands.be\\\/?s={search_term_string}\"},\"query-input\":{\"@type\":\"PropertyValueSpecification\",\"valueRequired\":true,\"valueName\":\"search_term_string\"}}],\"inLanguage\":\"en-US\"},{\"@type\":[\"Person\",\"Organization\"],\"@id\":\"https:\\\/\\\/healing-hands.be\\\/#\\\/schema\\\/person\\\/11e695e13ad5d9b031f1326c37aa9a73\",\"name\":\"skori\",\"image\":{\"@type\":\"ImageObject\",\"inLanguage\":\"en-US\",\"@id\":\"https:\\\/\\\/secure.gravatar.com\\\/avatar\\\/7476bb21a1c61b3934eeec2c7950350a10802d566262c8e53b0616bf0eefb270?s=96&d=mm&r=g\",\"url\":\"https:\\\/\\\/secure.gravatar.com\\\/avatar\\\/7476bb21a1c61b3934eeec2c7950350a10802d566262c8e53b0616bf0eefb270?s=96&d=mm&r=g\",\"contentUrl\":\"https:\\\/\\\/secure.gravatar.com\\\/avatar\\\/7476bb21a1c61b3934eeec2c7950350a10802d566262c8e53b0616bf0eefb270?s=96&d=mm&r=g\",\"caption\":\"skori\"},\"logo\":{\"@id\":\"https:\\\/\\\/secure.gravatar.com\\\/avatar\\\/7476bb21a1c61b3934eeec2c7950350a10802d566262c8e53b0616bf0eefb270?s=96&d=mm&r=g\"},\"sameAs\":[\"http:\\\/\\\/healing-hands.be\"]}]}<\/script>\n<!-- \/ Yoast SEO plugin. -->","yoast_head_json":{"title":"Testimonials - Ayurvedic Yoga massage and reiki healing","robots":{"index":"index","follow":"follow","max-snippet":"max-snippet:-1","max-image-preview":"max-image-preview:large","max-video-preview":"max-video-preview:-1"},"canonical":"https:\/\/healing-hands.be\/index.php\/testimonials\/","og_locale":"en_US","og_type":"article","og_title":"Testimonials - Ayurvedic Yoga massage and reiki healing","og_url":"https:\/\/healing-hands.be\/index.php\/testimonials\/","og_site_name":"Ayurvedic Yoga massage and reiki healing","article_modified_time":"2023-11-27T20:52:49+00:00","twitter_card":"summary_large_image","schema":{"@context":"https:\/\/schema.org","@graph":[{"@type":"WebPage","@id":"https:\/\/healing-hands.be\/index.php\/testimonials\/","url":"https:\/\/healing-hands.be\/index.php\/testimonials\/","name":"Testimonials - Ayurvedic Yoga massage and reiki healing","isPartOf":{"@id":"https:\/\/healing-hands.be\/#website"},"datePublished":"2023-11-24T20:29:49+00:00","dateModified":"2023-11-27T20:52:49+00:00","breadcrumb":{"@id":"https:\/\/healing-hands.be\/index.php\/testimonials\/#breadcrumb"},"inLanguage":"en-US","potentialAction":[{"@type":"ReadAction","target":["https:\/\/healing-hands.be\/index.php\/testimonials\/"]}]},{"@type":"BreadcrumbList","@id":"https:\/\/healing-hands.be\/index.php\/testimonials\/#breadcrumb","itemListElement":[{"@type":"ListItem","position":1,"name":"Home","item":"https:\/\/healing-hands.be\/"},{"@type":"ListItem","position":2,"name":"Testimonials"}]},{"@type":"WebSite","@id":"https:\/\/healing-hands.be\/#website","url":"https:\/\/healing-hands.be\/","name":"Ayurvedic Yoga massage and reiki healing","description":"","publisher":{"@id":"https:\/\/healing-hands.be\/#\/schema\/person\/11e695e13ad5d9b031f1326c37aa9a73"},"potentialAction":[{"@type":"SearchAction","target":{"@type":"EntryPoint","urlTemplate":"https:\/\/healing-hands.be\/?s={search_term_string}"},"query-input":{"@type":"PropertyValueSpecification","valueRequired":true,"valueName":"search_term_string"}}],"inLanguage":"en-US"},{"@type":["Person","Organization"],"@id":"https:\/\/healing-hands.be\/#\/schema\/person\/11e695e13ad5d9b031f1326c37aa9a73","name":"skori","image":{"@type":"ImageObject","inLanguage":"en-US","@id":"https:\/\/secure.gravatar.com\/avatar\/7476bb21a1c61b3934eeec2c7950350a10802d566262c8e53b0616bf0eefb270?s=96&d=mm&r=g","url":"https:\/\/secure.gravatar.com\/avatar\/7476bb21a1c61b3934eeec2c7950350a10802d566262c8e53b0616bf0eefb270?s=96&d=mm&r=g","contentUrl":"https:\/\/secure.gravatar.com\/avatar\/7476bb21a1c61b3934eeec2c7950350a10802d566262c8e53b0616bf0eefb270?s=96&d=mm&r=g","caption":"skori"},"logo":{"@id":"https:\/\/secure.gravatar.com\/avatar\/7476bb21a1c61b3934eeec2c7950350a10802d566262c8e53b0616bf0eefb270?s=96&d=mm&r=g"},"sameAs":["http:\/\/healing-hands.be"]}]}},"_links":{"self":[{"href":"https:\/\/healing-hands.be\/index.php\/wp-json\/wp\/v2\/pages\/924","targetHints":{"allow":["GET"]}}],"collection":[{"href":"https:\/\/healing-hands.be\/index.php\/wp-json\/wp\/v2\/pages"}],"about":[{"href":"https:\/\/healing-hands.be\/index.php\/wp-json\/wp\/v2\/types\/page"}],"author":[{"embeddable":true,"href":"https:\/\/healing-hands.be\/index.php\/wp-json\/wp\/v2\/users\/1"}],"replies":[{"embeddable":true,"href":"https:\/\/healing-hands.be\/index.php\/wp-json\/wp\/v2\/comments?post=924"}],"version-history":[{"count":4,"href":"https:\/\/healing-hands.be\/index.php\/wp-json\/wp\/v2\/pages\/924\/revisions"}],"predecessor-version":[{"id":942,"href":"https:\/\/healing-hands.be\/index.php\/wp-json\/wp\/v2\/pages\/924\/revisions\/942"}],"wp:attachment":[{"href":"https:\/\/healing-hands.be\/index.php\/wp-json\/wp\/v2\/media?parent=924"}],"curies":[{"name":"wp","href":"https:\/\/api.w.org\/{rel}","templated":true}]}}